{"id":145,"date":"2019-06-13T10:14:20","date_gmt":"2019-06-13T10:14:20","guid":{"rendered":"https:\/\/demo.themefreesia.com\/extension\/?page_id=145"},"modified":"2023-11-10T18:09:28","modified_gmt":"2023-11-10T18:09:28","slug":"about-us","status":"publish","type":"page","link":"https:\/\/xtel.mx\/es\/about-us\/","title":{"rendered":"\u00bfQuienes Somos?"},"content":{"rendered":"\t\t<div data-elementor-type=\"wp-post\" data-elementor-id=\"145\" class=\"elementor elementor-145\">\n\t\t\t\t\t\t\t\t\t<section class=\"elementor-section elementor-top-section elementor-element elementor-element-285c372 elementor-section-content-middle elementor-section-boxed elementor-section-height-default elementor-section-height-default\" data-id=\"285c372\" data-element_type=\"section\">\n\t\t\t\t\t\t<div class=\"elementor-container elementor-column-gap-default\">\n\t\t\t\t\t<div class=\"elementor-column elementor-col-50 elementor-top-column elementor-element elementor-element-8ad2946\" data-id=\"8ad2946\" data-element_type=\"column\">\n\t\t\t<div class=\"elementor-widget-wrap elementor-element-populated\">\n\t\t\t\t\t\t\t\t<div class=\"elementor-element elementor-element-f5255c1 elementor-widget elementor-widget-image\" data-id=\"f5255c1\" data-element_type=\"widget\" data-widget_type=\"image.default\">\n\t\t\t\t<div class=\"elementor-widget-container\">\n\t\t\t<style>\/*! elementor - v3.17.0 - 08-11-2023 *\/\n.elementor-widget-image{text-align:center}.elementor-widget-image a{display:inline-block}.elementor-widget-image a img[src$=\".svg\"]{width:48px}.elementor-widget-image img{vertical-align:middle;display:inline-block}<\/style>\t\t\t\t\t\t\t\t\t\t\t\t<img fetchpriority=\"high\" decoding=\"async\" width=\"1024\" height=\"512\" src=\"https:\/\/xtel.mx\/es\/wp-content\/uploads\/2023\/11\/xtel_telefonia_sin_tranzas-1024x512.jpg\" class=\"attachment-large size-large wp-image-218\" alt=\"\" srcset=\"https:\/\/xtel.mx\/es\/wp-content\/uploads\/2023\/11\/xtel_telefonia_sin_tranzas-1024x512.jpg 1024w, https:\/\/xtel.mx\/es\/wp-content\/uploads\/2023\/11\/xtel_telefonia_sin_tranzas-300x150.jpg 300w, https:\/\/xtel.mx\/es\/wp-content\/uploads\/2023\/11\/xtel_telefonia_sin_tranzas-768x384.jpg 768w, https:\/\/xtel.mx\/es\/wp-content\/uploads\/2023\/11\/xtel_telefonia_sin_tranzas-1536x768.jpg 1536w, https:\/\/xtel.mx\/es\/wp-content\/uploads\/2023\/11\/xtel_telefonia_sin_tranzas-2048x1024.jpg 2048w\" sizes=\"(max-width: 1024px) 100vw, 1024px\" \/>\t\t\t\t\t\t\t\t\t\t\t\t\t\t\t<\/div>\n\t\t\t\t<\/div>\n\t\t\t\t\t<\/div>\n\t\t<\/div>\n\t\t\t\t<div class=\"elementor-column elementor-col-50 elementor-top-column elementor-element elementor-element-fb5c158\" data-id=\"fb5c158\" data-element_type=\"column\">\n\t\t\t<div class=\"elementor-widget-wrap elementor-element-populated\">\n\t\t\t\t\t\t\t\t<div class=\"elementor-element elementor-element-d70f138 elementor-widget elementor-widget-heading\" data-id=\"d70f138\" data-element_type=\"widget\" data-widget_type=\"heading.default\">\n\t\t\t\t<div class=\"elementor-widget-container\">\n\t\t\t<style>\/*! elementor - v3.17.0 - 08-11-2023 *\/\n.elementor-heading-title{padding:0;margin:0;line-height:1}.elementor-widget-heading .elementor-heading-title[class*=elementor-size-]>a{color:inherit;font-size:inherit;line-height:inherit}.elementor-widget-heading .elementor-heading-title.elementor-size-small{font-size:15px}.elementor-widget-heading .elementor-heading-title.elementor-size-medium{font-size:19px}.elementor-widget-heading .elementor-heading-title.elementor-size-large{font-size:29px}.elementor-widget-heading .elementor-heading-title.elementor-size-xl{font-size:39px}.elementor-widget-heading .elementor-heading-title.elementor-size-xxl{font-size:59px}<\/style><h2 class=\"elementor-heading-title elementor-size-default\">\u00bfQuienes Somos?<\/h2>\t\t<\/div>\n\t\t\t\t<\/div>\n\t\t\t\t<div class=\"elementor-element elementor-element-7461464 elementor-widget elementor-widget-text-editor\" data-id=\"7461464\" data-element_type=\"widget\" data-widget_type=\"text-editor.default\">\n\t\t\t\t<div class=\"elementor-widget-container\">\n\t\t\t<style>\/*! elementor - v3.17.0 - 08-11-2023 *\/\n.elementor-widget-text-editor.elementor-drop-cap-view-stacked .elementor-drop-cap{background-color:#69727d;color:#fff}.elementor-widget-text-editor.elementor-drop-cap-view-framed .elementor-drop-cap{color:#69727d;border:3px solid;background-color:transparent}.elementor-widget-text-editor:not(.elementor-drop-cap-view-default) .elementor-drop-cap{margin-top:8px}.elementor-widget-text-editor:not(.elementor-drop-cap-view-default) .elementor-drop-cap-letter{width:1em;height:1em}.elementor-widget-text-editor .elementor-drop-cap{float:left;text-align:center;line-height:1;font-size:50px}.elementor-widget-text-editor .elementor-drop-cap-letter{display:inline-block}<\/style>\t\t\t\t<p>Xtel es una empresa de telecomunicaciones donde nos ocupamos de que todo M\u00e9xico este comunicado y conectado, donde todos pueden gozar de las ventajas de una comunicaci\u00f3n r\u00e1pida, accesible en precios y disponible en cualquier zona del pais.<\/p>\t\t\t\t\t\t<\/div>\n\t\t\t\t<\/div>\n\t\t\t\t<div class=\"elementor-element elementor-element-63219a3 elementor-widget elementor-widget-text-editor\" data-id=\"63219a3\" data-element_type=\"widget\" data-widget_type=\"text-editor.default\">\n\t\t\t\t<div class=\"elementor-widget-container\">\n\t\t\t\t\t\t\t<p>Democratizamos las telecomunicaciones porque creemos que comunicarnos no es un lujo si no una necesidad b\u00e1sica y un derecho que todo M\u00e9xicano debe disfrutar.\u00a0<\/p>\t\t\t\t\t\t<\/div>\n\t\t\t\t<\/div>\n\t\t\t\t\t<\/div>\n\t\t<\/div>\n\t\t\t\t\t\t\t<\/div>\n\t\t<\/section>\n\t\t\t\t\t\t\t<\/div>\n\t\t","protected":false},"excerpt":{"rendered":"<p>\u00bfQuienes Somos? Xtel es una empresa de telecomunicaciones donde nos ocupamos de que todo M\u00e9xico este comunicado y conectado, donde todos pueden gozar de las<a href=\"https:\/\/xtel.mx\/es\/about-us\/\" class=\"more-link\">Ver m\u00e1s<\/a><\/p>\n","protected":false},"author":1,"featured_media":0,"parent":0,"menu_order":0,"comment_status":"closed","ping_status":"closed","template":"elementor_header_footer","meta":{"footnotes":""},"class_list":["post-145","page","type-page","status-publish","hentry"],"_links":{"self":[{"href":"https:\/\/xtel.mx\/es\/wp-json\/wp\/v2\/pages\/145","targetHints":{"allow":["GET"]}}],"collection":[{"href":"https:\/\/xtel.mx\/es\/wp-json\/wp\/v2\/pages"}],"about":[{"href":"https:\/\/xtel.mx\/es\/wp-json\/wp\/v2\/types\/page"}],"author":[{"embeddable":true,"href":"https:\/\/xtel.mx\/es\/wp-json\/wp\/v2\/users\/1"}],"replies":[{"embeddable":true,"href":"https:\/\/xtel.mx\/es\/wp-json\/wp\/v2\/comments?post=145"}],"version-history":[{"count":8,"href":"https:\/\/xtel.mx\/es\/wp-json\/wp\/v2\/pages\/145\/revisions"}],"predecessor-version":[{"id":404,"href":"https:\/\/xtel.mx\/es\/wp-json\/wp\/v2\/pages\/145\/revisions\/404"}],"wp:attachment":[{"href":"https:\/\/xtel.mx\/es\/wp-json\/wp\/v2\/media?parent=145"}],"curies":[{"name":"wp","href":"https:\/\/api.w.org\/{rel}","templated":true}]}}